{"id":682,"date":"2025-03-25T13:45:17","date_gmt":"2025-03-25T13:45:17","guid":{"rendered":"https:\/\/bijbelboek.net\/?page_id=682"},"modified":"2025-03-25T13:46:19","modified_gmt":"2025-03-25T13:46:19","slug":"daniel","status":"publish","type":"page","link":"https:\/\/bijbelboek.net\/index.php\/daniel\/","title":{"rendered":"Dani\u00ebl"},"content":{"rendered":"<p><a href=\"https:\/\/bijbelboek.net\/wp-content\/uploads\/2025\/03\/Daniel.pdf\">Dani\u00ebl<\/a><\/p>\n<p>Indien openbaring ontbreekt, verwildert het volk\u2026..(Spr.29:18). Nu, weinig mensen zullen zoveel en ook verstrekkende openbaringen ontvangen hebben als de profeet Dani\u00ebl. Op jonge leeftijd werd hij, samen met anderen, gedeporteerd naar Babel en in dienst van de koning gesteld aan het occulte Babylonische hof. Hij diende tot op hoge leeftijd onder vier koningen in twee opeenvolgende wereldrijken. Dani\u00ebl was zonder twijfel zeer succesvol zowel naar wereldse als ook naar Goddelijke maatstaven. Wat was zijn geheim? Een leven dat toegewijd was aan de eer van God.<\/p>\n<p>We kunnen veel leren van de avonturen van Dani\u00ebl en heel wat verhalen in de zondagscholen komen uit het bijbelboek Dani\u00ebl. Wat minder bekend zijn de profetie\u00ebn uit het boek Dani\u00ebl, niet alleen om de inhoud, maar vooral ook om de uitlegging ervan. Ook Dani\u00ebl, die zelf ook bovennatuurlijk inzicht kreeg, begreep lang niet alles van wat als openbaring tot hem kwam. De uitleg van deze profetie\u00ebn zijn onderwerp van discussie onder de bijbelgeleerden tot op de dag van vandaag. Wel is er het gegeven dat \u2018deze dingen\u2019 verzegeld blijven tot de eindtijd (12:9), maar het lijkt me dat we dat we daar nu al in een bepaalde mate in beland zijn.<\/p>\n<p>Het is goed om op te merken dat de profetie\u00ebn vooral te maken hebben met de toekomst van Isra\u00ebl, zeker wat betreft \u2018de laatste dagen\u2019. Maar de toekomst van heel de wereld is hiermee verweven en het is dus alleszins de moeite waard hier inzicht in te krijgen. Met deze studie beoog ik dat de lezer wat meer inzicht krijgt in deze, toch wat moeilijke, bijbelgedeelten. De Heilige Geest heeft niet voor niets deze dingen laten opschrijven zodat we gesterkt worden in ons geloof.<\/p>\n<p>Zelf heb ik in de afgelopen jaren mijn visie op het boek Dani\u00ebl en ook het met daarmee verbonden boek Openbaring van Johannes wat moeten \u2018bijstellen\u2019. \u00a0Niet alleen zijn de politieke ontwikkelingen in de wereld daar debet aan, maar ook de invloed van (eindtijd)-bijbelleraren als Alan Kurschner (Eschatos Ministries), David Rosenthal (Zions hope) en Joel Richardson (Joels Trumpet). Niettemin is het nodig dat de lezer de houding heeft van de christenen te Berea: Zelf nagaan uit de Schriften of deze dingen zo zijn (Hand. 17:11).<\/p>\n<p>Het is mijn wens dat deze studie zal bijdragen aan de geestelijke opbouw van de lezer. Laten we met elkaar des te meer uitkijken naar de wederkomst van de Vredevorst, onze Here Jezus Christus!<\/p>\n<p>Zoetermeer, 25 maart 2025<\/p>\n","protected":false},"excerpt":{"rendered":"<p>Dani\u00ebl Indien openbaring ontbreekt, verwildert het volk\u2026..(Spr.29:18). Nu, weinig mensen zullen zoveel en ook verstrekkende openbaringen ontvangen hebben als de [&hellip;]<\/p>\n","protected":false},"author":1,"featured_media":0,"parent":0,"menu_order":0,"comment_status":"closed","ping_status":"closed","template":"","meta":{"site-sidebar-layout":"default","site-content-layout":"","ast-site-content-layout":"default","site-content-style":"default","site-sidebar-style":"default","ast-global-header-display":"","ast-banner-title-visibility":"","ast-main-header-display":"","ast-hfb-above-header-display":"","ast-hfb-below-header-display":"","ast-hfb-mobile-header-display":"","site-post-title":"","ast-breadcrumbs-content":"","ast-featured-img":"","footer-sml-layout":"","theme-transparent-header-meta":"default","adv-header-id-meta":"","stick-header-meta":"","header-above-stick-meta":"","header-main-stick-meta":"","header-below-stick-meta":"","astra-migrate-meta-layouts":"set","ast-page-background-enabled":"default","ast-page-background-meta":{"desktop":{"background-color":"var(--ast-global-color-5)","background-image":"","background-repeat":"repeat","background-position":"center center","background-size":"auto","background-attachment":"scroll","background-type":"","background-media":"","overlay-type":"","overlay-color":"","overlay-opacity":"","overlay-gradient":""},"tablet":{"background-color":"","background-image":"","background-repeat":"repeat","background-position":"center center","background-size":"auto","background-attachment":"scroll","background-type":"","background-media":"","overlay-type":"","overlay-color":"","overlay-opacity":"","overlay-gradient":""},"mobile":{"background-color":"","background-image":"","background-repeat":"repeat","background-position":"center center","background-size":"auto","background-attachment":"scroll","background-type":"","background-media":"","overlay-type":"","overlay-color":"","overlay-opacity":"","overlay-gradient":""}},"ast-content-background-meta":{"desktop":{"background-color":"var(--ast-global-color-4)","background-image":"","background-repeat":"repeat","background-position":"center center","background-size":"auto","background-attachment":"scroll","background-type":"","background-media":"","overlay-type":"","overlay-color":"","overlay-opacity":"","overlay-gradient":""},"tablet":{"background-color":"var(--ast-global-color-4)","background-image":"","background-repeat":"repeat","background-position":"center center","background-size":"auto","background-attachment":"scroll","background-type":"","background-media":"","overlay-type":"","overlay-color":"","overlay-opacity":"","overlay-gradient":""},"mobile":{"background-color":"var(--ast-global-color-4)","background-image":"","background-repeat":"repeat","background-position":"center center","background-size":"auto","background-attachment":"scroll","background-type":"","background-media":"","overlay-type":"","overlay-color":"","overlay-opacity":"","overlay-gradient":""}},"footnotes":""},"class_list":["post-682","page","type-page","status-publish","hentry"],"_links":{"self":[{"href":"https:\/\/bijbelboek.net\/index.php\/wp-json\/wp\/v2\/pages\/682","targetHints":{"allow":["GET"]}}],"collection":[{"href":"https:\/\/bijbelboek.net\/index.php\/wp-json\/wp\/v2\/pages"}],"about":[{"href":"https:\/\/bijbelboek.net\/index.php\/wp-json\/wp\/v2\/types\/page"}],"author":[{"embeddable":true,"href":"https:\/\/bijbelboek.net\/index.php\/wp-json\/wp\/v2\/users\/1"}],"replies":[{"embeddable":true,"href":"https:\/\/bijbelboek.net\/index.php\/wp-json\/wp\/v2\/comments?post=682"}],"version-history":[{"count":3,"href":"https:\/\/bijbelboek.net\/index.php\/wp-json\/wp\/v2\/pages\/682\/revisions"}],"predecessor-version":[{"id":685,"href":"https:\/\/bijbelboek.net\/index.php\/wp-json\/wp\/v2\/pages\/682\/revisions\/685"}],"wp:attachment":[{"href":"https:\/\/bijbelboek.net\/index.php\/wp-json\/wp\/v2\/media?parent=682"}],"curies":[{"name":"wp","href":"https:\/\/api.w.org\/{rel}","templated":true}]}}