{"id":697,"date":"2025-04-26T12:08:32","date_gmt":"2025-04-26T12:08:32","guid":{"rendered":"https:\/\/bijbelboek.net\/?page_id=697"},"modified":"2025-04-26T14:35:52","modified_gmt":"2025-04-26T14:35:52","slug":"jesaja","status":"publish","type":"page","link":"https:\/\/bijbelboek.net\/index.php\/jesaja\/","title":{"rendered":"Jesaja"},"content":{"rendered":"<p><a href=\"https:\/\/bijbelboek.net\/wp-content\/uploads\/2025\/04\/Jesaja.pdf\">Jesaja<\/a><\/p>\n<p>Het is wel een bijzondere uitdaging om het boek Jesaja te bestuderen. Het is het op \u00e9\u00e9n na langste bijbelboek met 66 hoofdstukken (alleen Jeremia is nog langer hoewel het minder hoofdstukken heeft). De eerste 39 hoofdstukken doen globaal gezien wat somber aan, maar de volgende 27 hoofdstukken zijn optimistischer van toon. Men ziet het boek Jesaja ook wel als \u2018de Bijbel in notendop\u2019. De eerste 39 hoofdstukken staan dan voor het OT en dit aantal komt overeen met het aantal bijbelboeken in het OT. Hetzelfde geldt voor de volgende 27 hoofdstukken, maar dan voor het NT. Het boek is vooral bekend geworden door de profetie\u00ebn over de Messias en het bekendste hoofdstuk in dit verband is Jesaja 53.<\/p>\n<p>Wat is de relevantie van het boek voor onze tijd? Persoonlijk geloof ik dat het heel relevant is omdat het in eerste instantie gaat over een natie, Isra\u00ebl, die in moreel opzicht aan het achteruit gaan is. Ik vrees dat dit voor vele naties heden ten dage ook het geval is en daarbij is ons eigen land helaas niet uitgezonderd. De oorzaak van de morele achteruitgang ligt ten diepste altijd in het loslaten van God en dit leidt uiteindelijk tot Gods oordeel. Verder zijn er ook profetie\u00ebn over de naties die Isra\u00ebl omringen en ook profetie\u00ebn over de wereld als geheel. Toch kunnen we uit dit boek ook weer hoop putten want ook in Jesaja (en wel in het bijzonder in de laatste 27 hoofdstukken) laat God zien dat er altijd weer hoop is als mensen zich van harte bekeren en dat degenen die dat doen uiteindelijk een glorieuze toekomst wacht. Ook het volk Isra\u00ebl wacht uiteindelijk een glorieuze toekomst in het Messiaanse Rijk.<\/p>\n<p>&nbsp;<\/p>\n<p>Zoetermeer, april 2025<\/p>\n<p>&nbsp;<\/p>\n","protected":false},"excerpt":{"rendered":"<p>Jesaja Het is wel een bijzondere uitdaging om het boek Jesaja te bestuderen. Het is het op \u00e9\u00e9n na langste [&hellip;]<\/p>\n","protected":false},"author":1,"featured_media":0,"parent":0,"menu_order":0,"comment_status":"closed","ping_status":"closed","template":"","meta":{"site-sidebar-layout":"default","site-content-layout":"","ast-site-content-layout":"default","site-content-style":"default","site-sidebar-style":"default","ast-global-header-display":"","ast-banner-title-visibility":"","ast-main-header-display":"","ast-hfb-above-header-display":"","ast-hfb-below-header-display":"","ast-hfb-mobile-header-display":"","site-post-title":"","ast-breadcrumbs-content":"","ast-featured-img":"","footer-sml-layout":"","theme-transparent-header-meta":"default","adv-header-id-meta":"","stick-header-meta":"","header-above-stick-meta":"","header-main-stick-meta":"","header-below-stick-meta":"","astra-migrate-meta-layouts":"set","ast-page-background-enabled":"default","ast-page-background-meta":{"desktop":{"background-color":"var(--ast-global-color-5)","background-image":"","background-repeat":"repeat","background-position":"center center","background-size":"auto","background-attachment":"scroll","background-type":"","background-media":"","overlay-type":"","overlay-color":"","overlay-opacity":"","overlay-gradient":""},"tablet":{"background-color":"","background-image":"","background-repeat":"repeat","background-position":"center center","background-size":"auto","background-attachment":"scroll","background-type":"","background-media":"","overlay-type":"","overlay-color":"","overlay-opacity":"","overlay-gradient":""},"mobile":{"background-color":"","background-image":"","background-repeat":"repeat","background-position":"center center","background-size":"auto","background-attachment":"scroll","background-type":"","background-media":"","overlay-type":"","overlay-color":"","overlay-opacity":"","overlay-gradient":""}},"ast-content-background-meta":{"desktop":{"background-color":"var(--ast-global-color-4)","background-image":"","background-repeat":"repeat","background-position":"center center","background-size":"auto","background-attachment":"scroll","background-type":"","background-media":"","overlay-type":"","overlay-color":"","overlay-opacity":"","overlay-gradient":""},"tablet":{"background-color":"var(--ast-global-color-4)","background-image":"","background-repeat":"repeat","background-position":"center center","background-size":"auto","background-attachment":"scroll","background-type":"","background-media":"","overlay-type":"","overlay-color":"","overlay-opacity":"","overlay-gradient":""},"mobile":{"background-color":"var(--ast-global-color-4)","background-image":"","background-repeat":"repeat","background-position":"center center","background-size":"auto","background-attachment":"scroll","background-type":"","background-media":"","overlay-type":"","overlay-color":"","overlay-opacity":"","overlay-gradient":""}},"footnotes":""},"class_list":["post-697","page","type-page","status-publish","hentry"],"_links":{"self":[{"href":"https:\/\/bijbelboek.net\/index.php\/wp-json\/wp\/v2\/pages\/697","targetHints":{"allow":["GET"]}}],"collection":[{"href":"https:\/\/bijbelboek.net\/index.php\/wp-json\/wp\/v2\/pages"}],"about":[{"href":"https:\/\/bijbelboek.net\/index.php\/wp-json\/wp\/v2\/types\/page"}],"author":[{"embeddable":true,"href":"https:\/\/bijbelboek.net\/index.php\/wp-json\/wp\/v2\/users\/1"}],"replies":[{"embeddable":true,"href":"https:\/\/bijbelboek.net\/index.php\/wp-json\/wp\/v2\/comments?post=697"}],"version-history":[{"count":4,"href":"https:\/\/bijbelboek.net\/index.php\/wp-json\/wp\/v2\/pages\/697\/revisions"}],"predecessor-version":[{"id":705,"href":"https:\/\/bijbelboek.net\/index.php\/wp-json\/wp\/v2\/pages\/697\/revisions\/705"}],"wp:attachment":[{"href":"https:\/\/bijbelboek.net\/index.php\/wp-json\/wp\/v2\/media?parent=697"}],"curies":[{"name":"wp","href":"https:\/\/api.w.org\/{rel}","templated":true}]}}